{"id":38,"date":"2024-02-02T12:36:13","date_gmt":"2024-02-02T11:36:13","guid":{"rendered":"https:\/\/newomega.pl\/?page_id=38"},"modified":"2026-01-05T12:23:09","modified_gmt":"2026-01-05T11:23:09","slug":"specjalisci","status":"publish","type":"page","link":"https:\/\/przychodnia-omega.pl\/?page_id=38","title":{"rendered":"Specjali\u015bci"},"content":{"rendered":"\t\t<div data-elementor-type=\"wp-page\" data-elementor-id=\"38\" class=\"elementor elementor-38\" data-elementor-post-type=\"page\">\n\t\t\t\t<div class=\"elementor-element elementor-element-487b5d2 e-flex e-con-boxed e-con e-parent\" data-id=\"487b5d2\" data-element_type=\"container\">\n\t\t\t\t\t<div class=\"e-con-inner\">\n\t\t\t\t<div class=\"elementor-element elementor-element-d186ca6 elementor-widget elementor-widget-heading\" data-id=\"d186ca6\" data-element_type=\"widget\" data-settings=\"{&quot;ekit_we_effect_on&quot;:&quot;none&quot;}\" data-widget_type=\"heading.default\">\n\t\t\t\t<div class=\"elementor-widget-container\">\n\t\t\t\t\t<h1 class=\"elementor-heading-title elementor-size-default\">Specjali\u015bci<\/h1>\t\t\t\t<\/div>\n\t\t\t\t<\/div>\n\t\t\t\t<div class=\"elementor-element elementor-element-6b3c737 elementor-widget-divider--view-line elementor-widget elementor-widget-divider\" data-id=\"6b3c737\" data-element_type=\"widget\" data-settings=\"{&quot;ekit_we_effect_on&quot;:&quot;none&quot;}\" data-widget_type=\"divider.default\">\n\t\t\t\t<div class=\"elementor-widget-container\">\n\t\t\t\t\t\t\t<div class=\"elementor-divider\">\n\t\t\t<span class=\"elementor-divider-separator\">\n\t\t\t\t\t\t<\/span>\n\t\t<\/div>\n\t\t\t\t\t\t<\/div>\n\t\t\t\t<\/div>\n\t\t\t\t\t<\/div>\n\t\t\t\t<\/div>\n\t\t<div class=\"elementor-element elementor-element-2160737 e-flex e-con-boxed e-con e-parent\" data-id=\"2160737\" data-element_type=\"container\">\n\t\t\t\t\t<div class=\"e-con-inner\">\n\t\t\t\t<div class=\"elementor-element elementor-element-9f55526 elementor-widget elementor-widget-text-editor\" data-id=\"9f55526\" data-element_type=\"widget\" data-settings=\"{&quot;ekit_we_effect_on&quot;:&quot;none&quot;}\" data-widget_type=\"text-editor.default\">\n\t\t\t\t<div class=\"elementor-widget-container\">\n\t\t\t\t\t\t\t\t\t<ul><li><strong>Angiolog<\/strong> lek. Jacek Soska<\/li><li><strong>Dermatolog<\/strong> lek. Katarzyna Zakrzewska<\/li><li><strong>Endokrynolog<\/strong> dr Katarzyna Hen<\/li><li><strong>Ginekolog<\/strong> lek. Piotr Broda<\/li><li><strong>Ginekolog<\/strong> lek. Grzegorz Ma\u0142ecki<\/li><li><strong>Laryngolog <\/strong>dr n. med \u00a0Andrzej Balcerowiak<\/li><li><strong>Medycyna Pracy <\/strong>lek. Julita Kucharczyk<\/li><li><strong>Neurolog\u00a0<\/strong>dr n. med Marcin Rogoziewicz<\/li><li><strong>Okulistka<\/strong> lek. Agnieszka Baran-Smug<\/li><li><strong>Ortopeda<\/strong> lek. Krzysztof Jedlikowski<\/li><li><strong>Psycholog<\/strong>, specjalizuj\u0105ca si\u0119 w neuropsychologii, specjalistka psychoterapii uzale\u017cnie\u0144, terapeuta traumy, bieg\u0142a s\u0105dowa, wyk\u0142adowczyni akademicka <br \/>Adriana Wenc<\/li><li><strong>Pulmonolog<\/strong> lek. \u0141ukasz Jurgiel<\/li><li><strong>Reumatolog<\/strong> lek. Anna Huzarewicz &#8211; S\u0142owik<\/li><li><strong>Urolog<\/strong> lek. Krzysztof Skomski<\/li><li><strong>Dietetyk<\/strong> mgr Marta Tadeuszyk<\/li><\/ul>\t\t\t\t\t\t\t\t<\/div>\n\t\t\t\t<\/div>\n\t\t\t\t\t<\/div>\n\t\t\t\t<\/div>\n\t\t<div class=\"elementor-element elementor-element-08653b8 e-flex e-con-boxed e-con e-parent\" data-id=\"08653b8\" data-element_type=\"container\">\n\t\t\t\t\t<div class=\"e-con-inner\">\n\t\t\t\t<div class=\"elementor-element elementor-element-5405b50 elementor-widget elementor-widget-heading\" data-id=\"5405b50\" data-element_type=\"widget\" data-settings=\"{&quot;ekit_we_effect_on&quot;:&quot;none&quot;}\" data-widget_type=\"heading.default\">\n\t\t\t\t<div class=\"elementor-widget-container\">\n\t\t\t\t\t<h1 class=\"elementor-heading-title elementor-size-default\">Rejestracja: +48 530 174 529<\/h1>\t\t\t\t<\/div>\n\t\t\t\t<\/div>\n\t\t\t\t\t<\/div>\n\t\t\t\t<\/div>\n\t\t\t\t<\/div>\n\t\t","protected":false},"excerpt":{"rendered":"<p>Specjali\u015bci Angiolog lek. Jacek Soska Dermatolog lek. Katarzyna Zakrzewska Endokrynolog dr Katarzyna Hen Ginekolog lek. Piotr Broda Ginekolog lek. Grzegorz Ma\u0142ecki Laryngolog dr n. med \u00a0Andrzej Balcerowiak Medycyna Pracy lek. Julita Kucharczyk Neurolog\u00a0dr n. med Marcin Rogoziewicz Okulistka lek. Agnieszka Baran-Smug Ortopeda lek. Krzysztof Jedlikowski Psycholog, specjalizuj\u0105ca si\u0119 w neuropsychologii, specjalistka psychoterapii uzale\u017cnie\u0144, terapeuta traumy, [&hellip;]<\/p>\n","protected":false},"author":1,"featured_media":0,"parent":0,"menu_order":0,"comment_status":"closed","ping_status":"closed","template":"","meta":{"ocean_post_layout":"full-screen","ocean_both_sidebars_style":"","ocean_both_sidebars_content_width":0,"ocean_both_sidebars_sidebars_width":0,"ocean_sidebar":"0","ocean_second_sidebar":"0","ocean_disable_margins":"on","ocean_add_body_class":"","ocean_shortcode_before_top_bar":"","ocean_shortcode_after_top_bar":"","ocean_shortcode_before_header":"","ocean_shortcode_after_header":"","ocean_has_shortcode":"","ocean_shortcode_after_title":"","ocean_shortcode_before_footer_widgets":"","ocean_shortcode_after_footer_widgets":"","ocean_shortcode_before_footer_bottom":"","ocean_shortcode_after_footer_bottom":"","ocean_display_top_bar":"off","ocean_display_header":"default","ocean_header_style":"","ocean_center_header_left_menu":"0","ocean_custom_header_template":"0","ocean_custom_logo":0,"ocean_custom_retina_logo":0,"ocean_custom_logo_max_width":0,"ocean_custom_logo_tablet_max_width":0,"ocean_custom_logo_mobile_max_width":0,"ocean_custom_logo_max_height":0,"ocean_custom_logo_tablet_max_height":0,"ocean_custom_logo_mobile_max_height":0,"ocean_header_custom_menu":"6","ocean_menu_typo_font_family":"0","ocean_menu_typo_font_subset":"","ocean_menu_typo_font_size":0,"ocean_menu_typo_font_size_tablet":0,"ocean_menu_typo_font_size_mobile":0,"ocean_menu_typo_font_size_unit":"px","ocean_menu_typo_font_weight":"","ocean_menu_typo_font_weight_tablet":"","ocean_menu_typo_font_weight_mobile":"","ocean_menu_typo_transform":"","ocean_menu_typo_transform_tablet":"","ocean_menu_typo_transform_mobile":"","ocean_menu_typo_line_height":0,"ocean_menu_typo_line_height_tablet":0,"ocean_menu_typo_line_height_mobile":0,"ocean_menu_typo_line_height_unit":"","ocean_menu_typo_spacing":0,"ocean_menu_typo_spacing_tablet":0,"ocean_menu_typo_spacing_mobile":0,"ocean_menu_typo_spacing_unit":"","ocean_menu_link_color":"","ocean_menu_link_color_hover":"","ocean_menu_link_color_active":"","ocean_menu_link_background":"","ocean_menu_link_hover_background":"","ocean_menu_link_active_background":"","ocean_menu_social_links_bg":"","ocean_menu_social_hover_links_bg":"","ocean_menu_social_links_color":"","ocean_menu_social_hover_links_color":"","ocean_disable_title":"on","ocean_disable_heading":"default","ocean_post_title":"","ocean_post_subheading":"","ocean_post_title_style":"","ocean_post_title_background_color":"","ocean_post_title_background":0,"ocean_post_title_bg_image_position":"","ocean_post_title_bg_image_attachment":"","ocean_post_title_bg_image_repeat":"","ocean_post_title_bg_image_size":"","ocean_post_title_height":0,"ocean_post_title_bg_overlay":0.5,"ocean_post_title_bg_overlay_color":"","ocean_disable_breadcrumbs":"off","ocean_breadcrumbs_color":"","ocean_breadcrumbs_separator_color":"","ocean_breadcrumbs_links_color":"","ocean_breadcrumbs_links_hover_color":"","ocean_display_footer_widgets":"off","ocean_display_footer_bottom":"off","ocean_custom_footer_template":"0","footnotes":""},"class_list":["post-38","page","type-page","status-publish","hentry","entry"],"_links":{"self":[{"href":"https:\/\/przychodnia-omega.pl\/index.php?rest_route=\/wp\/v2\/pages\/38","targetHints":{"allow":["GET"]}}],"collection":[{"href":"https:\/\/przychodnia-omega.pl\/index.php?rest_route=\/wp\/v2\/pages"}],"about":[{"href":"https:\/\/przychodnia-omega.pl\/index.php?rest_route=\/wp\/v2\/types\/page"}],"author":[{"embeddable":true,"href":"https:\/\/przychodnia-omega.pl\/index.php?rest_route=\/wp\/v2\/users\/1"}],"replies":[{"embeddable":true,"href":"https:\/\/przychodnia-omega.pl\/index.php?rest_route=%2Fwp%2Fv2%2Fcomments&post=38"}],"version-history":[{"count":28,"href":"https:\/\/przychodnia-omega.pl\/index.php?rest_route=\/wp\/v2\/pages\/38\/revisions"}],"predecessor-version":[{"id":342,"href":"https:\/\/przychodnia-omega.pl\/index.php?rest_route=\/wp\/v2\/pages\/38\/revisions\/342"}],"wp:attachment":[{"href":"https:\/\/przychodnia-omega.pl\/index.php?rest_route=%2Fwp%2Fv2%2Fmedia&parent=38"}],"curies":[{"name":"wp","href":"https:\/\/api.w.org\/{rel}","templated":true}]}}