{"id":16,"date":"2024-02-02T09:43:51","date_gmt":"2024-02-02T08:43:51","guid":{"rendered":"https:\/\/newomega.pl\/?page_id=16"},"modified":"2024-02-02T21:18:06","modified_gmt":"2024-02-02T20:18:06","slug":"strona-glowna","status":"publish","type":"page","link":"https:\/\/przychodnia-omega.pl\/","title":{"rendered":"Strona g\u0142\u00f3wna"},"content":{"rendered":"\t\t<div data-elementor-type=\"wp-page\" data-elementor-id=\"16\" class=\"elementor elementor-16\" data-elementor-post-type=\"page\">\n\t\t\t\t<div class=\"elementor-element elementor-element-54182df e-flex e-con-boxed e-con e-parent\" data-id=\"54182df\" data-element_type=\"container\">\n\t\t\t\t\t<div class=\"e-con-inner\">\n\t\t\t\t<div class=\"elementor-element elementor-element-1acb1fd elementor-widget elementor-widget-heading\" data-id=\"1acb1fd\" data-element_type=\"widget\" data-settings=\"{&quot;ekit_we_effect_on&quot;:&quot;none&quot;}\" data-widget_type=\"heading.default\">\n\t\t\t\t<div class=\"elementor-widget-container\">\n\t\t\t\t\t<h1 class=\"elementor-heading-title elementor-size-default\">Witamy w Omega Med<\/h1>\t\t\t\t<\/div>\n\t\t\t\t<\/div>\n\t\t\t\t\t<\/div>\n\t\t\t\t<\/div>\n\t\t<div class=\"elementor-element elementor-element-948d0ba e-flex e-con-boxed e-con e-parent\" data-id=\"948d0ba\" data-element_type=\"container\">\n\t\t\t\t\t<div class=\"e-con-inner\">\n\t\t\t\t<div class=\"elementor-element elementor-element-b039a0c elementor-widget-divider--view-line elementor-widget elementor-widget-divider\" data-id=\"b039a0c\" data-element_type=\"widget\" data-settings=\"{&quot;ekit_we_effect_on&quot;:&quot;none&quot;}\" data-widget_type=\"divider.default\">\n\t\t\t\t<div class=\"elementor-widget-container\">\n\t\t\t\t\t\t\t<div class=\"elementor-divider\">\n\t\t\t<span class=\"elementor-divider-separator\">\n\t\t\t\t\t\t<\/span>\n\t\t<\/div>\n\t\t\t\t\t\t<\/div>\n\t\t\t\t<\/div>\n\t\t\t\t\t<\/div>\n\t\t\t\t<\/div>\n\t\t<div class=\"elementor-element elementor-element-cac9652 e-flex e-con-boxed e-con e-parent\" data-id=\"cac9652\" data-element_type=\"container\">\n\t\t\t\t\t<div class=\"e-con-inner\">\n\t\t\t\t<div class=\"elementor-element elementor-element-ecd4b00 elementor-widget elementor-widget-image\" data-id=\"ecd4b00\" data-element_type=\"widget\" data-settings=\"{&quot;ekit_we_effect_on&quot;:&quot;none&quot;}\" data-widget_type=\"image.default\">\n\t\t\t\t<div class=\"elementor-widget-container\">\n\t\t\t\t\t\t\t\t\t\t\t\t\t\t\t<img fetchpriority=\"high\" decoding=\"async\" width=\"670\" height=\"490\" src=\"https:\/\/przychodnia-omega.pl\/wp-content\/uploads\/2024\/02\/budynek_omega_670.jpg\" class=\"attachment-large size-large wp-image-104\" alt=\"\" srcset=\"https:\/\/przychodnia-omega.pl\/wp-content\/uploads\/2024\/02\/budynek_omega_670.jpg 670w, https:\/\/przychodnia-omega.pl\/wp-content\/uploads\/2024\/02\/budynek_omega_670-300x219.jpg 300w\" sizes=\"(max-width: 670px) 100vw, 670px\" \/>\t\t\t\t\t\t\t\t\t\t\t\t\t\t\t<\/div>\n\t\t\t\t<\/div>\n\t\t\t\t\t<\/div>\n\t\t\t\t<\/div>\n\t\t<div class=\"elementor-element elementor-element-a89899d e-flex e-con-boxed e-con e-parent\" data-id=\"a89899d\" data-element_type=\"container\">\n\t\t\t\t\t<div class=\"e-con-inner\">\n\t\t\t\t<div class=\"elementor-element elementor-element-72080c6 elementor-widget elementor-widget-text-editor\" data-id=\"72080c6\" data-element_type=\"widget\" data-settings=\"{&quot;ekit_we_effect_on&quot;:&quot;none&quot;}\" data-widget_type=\"text-editor.default\">\n\t\t\t\t<div class=\"elementor-widget-container\">\n\t\t\t\t\t\t\t\t\t<p>Witamy na stronie przychodni OMEGA MED. Zapraszamy do korzystania ze \u015bwiadcze\u0144 lekarskich, piel\u0119gniarskich oraz po\u0142o\u017cniczych.<br \/>Przychodnia rozpocz\u0119\u0142a dzia\u0142alno\u015b\u0107 kwietniu 2013 roku. Mie\u015bci si\u0119 przy ul. Fabrycznej w Rogo\u017anie oraz posiada fili\u0119 w Rogo\u017anie przy ulicy Nowej 4 oraz Parkowie.<br \/>W ramach opieki finansowanej z Narodowego Funduszu Zdrowia zapewniamy \u015bwiadczenia z zakresu podstawowej opieki zdrowotnej (POZ) oraz po\u0142o\u017cnictwa i ginekologii. \u015awiadcze\u0144 odp\u0142atnych udzielaj\u0105 lekarze specjali\u015bci, kt\u00f3rych wyb\u00f3r i oferta b\u0119d\u0105 stopniowo poszerzane, stosownie do zapotrzebowania w\u015br\u00f3d pacjent\u00f3w.<br \/>Dodatkowo oferujemy odp\u0142atnie badania diagnostyczne np.: USG &#8211; jamy brzusznej, tarczycy, t\u0119tnic, badania kardiologiczne &#8211; echo, Holtery, testy wysi\u0142kowe i pulmonologiczne &#8211; spirometri\u0119<\/p><p>Zapraszamy<\/p>\t\t\t\t\t\t\t\t<\/div>\n\t\t\t\t<\/div>\n\t\t\t\t\t<\/div>\n\t\t\t\t<\/div>\n\t\t\t\t<\/div>\n\t\t","protected":false},"excerpt":{"rendered":"<p>Witamy w Omega Med Witamy na stronie przychodni OMEGA MED. Zapraszamy do korzystania ze \u015bwiadcze\u0144 lekarskich, piel\u0119gniarskich oraz po\u0142o\u017cniczych.Przychodnia rozpocz\u0119\u0142a dzia\u0142alno\u015b\u0107 kwietniu 2013 roku. Mie\u015bci si\u0119 przy ul. Fabrycznej w Rogo\u017anie oraz posiada fili\u0119 w Rogo\u017anie przy ulicy Nowej 4 oraz Parkowie.W ramach opieki finansowanej z Narodowego Funduszu Zdrowia zapewniamy \u015bwiadczenia z zakresu podstawowej opieki [&hellip;]<\/p>\n","protected":false},"author":1,"featured_media":0,"parent":0,"menu_order":0,"comment_status":"closed","ping_status":"closed","template":"","meta":{"ocean_post_layout":"full-width","ocean_both_sidebars_style":"","ocean_both_sidebars_content_width":0,"ocean_both_sidebars_sidebars_width":0,"ocean_sidebar":"0","ocean_second_sidebar":"0","ocean_disable_margins":"on","ocean_add_body_class":"","ocean_shortcode_before_top_bar":"","ocean_shortcode_after_top_bar":"","ocean_shortcode_before_header":"","ocean_shortcode_after_header":"","ocean_has_shortcode":"","ocean_shortcode_after_title":"","ocean_shortcode_before_footer_widgets":"","ocean_shortcode_after_footer_widgets":"","ocean_shortcode_before_footer_bottom":"","ocean_shortcode_after_footer_bottom":"","ocean_display_top_bar":"off","ocean_display_header":"default","ocean_header_style":"","ocean_center_header_left_menu":"0","ocean_custom_header_template":"0","ocean_custom_logo":0,"ocean_custom_retina_logo":0,"ocean_custom_logo_max_width":0,"ocean_custom_logo_tablet_max_width":0,"ocean_custom_logo_mobile_max_width":0,"ocean_custom_logo_max_height":0,"ocean_custom_logo_tablet_max_height":0,"ocean_custom_logo_mobile_max_height":0,"ocean_header_custom_menu":"0","ocean_menu_typo_font_family":"0","ocean_menu_typo_font_subset":"","ocean_menu_typo_font_size":0,"ocean_menu_typo_font_size_tablet":0,"ocean_menu_typo_font_size_mobile":0,"ocean_menu_typo_font_size_unit":"px","ocean_menu_typo_font_weight":"","ocean_menu_typo_font_weight_tablet":"","ocean_menu_typo_font_weight_mobile":"","ocean_menu_typo_transform":"","ocean_menu_typo_transform_tablet":"","ocean_menu_typo_transform_mobile":"","ocean_menu_typo_line_height":0,"ocean_menu_typo_line_height_tablet":0,"ocean_menu_typo_line_height_mobile":0,"ocean_menu_typo_line_height_unit":"","ocean_menu_typo_spacing":0,"ocean_menu_typo_spacing_tablet":0,"ocean_menu_typo_spacing_mobile":0,"ocean_menu_typo_spacing_unit":"","ocean_menu_link_color":"","ocean_menu_link_color_hover":"","ocean_menu_link_color_active":"","ocean_menu_link_background":"","ocean_menu_link_hover_background":"","ocean_menu_link_active_background":"","ocean_menu_social_links_bg":"","ocean_menu_social_hover_links_bg":"","ocean_menu_social_links_color":"","ocean_menu_social_hover_links_color":"","ocean_disable_title":"on","ocean_disable_heading":"default","ocean_post_title":"","ocean_post_subheading":"","ocean_post_title_style":"","ocean_post_title_background_color":"","ocean_post_title_background":0,"ocean_post_title_bg_image_position":"","ocean_post_title_bg_image_attachment":"","ocean_post_title_bg_image_repeat":"","ocean_post_title_bg_image_size":"","ocean_post_title_height":0,"ocean_post_title_bg_overlay":0.5,"ocean_post_title_bg_overlay_color":"","ocean_disable_breadcrumbs":"off","ocean_breadcrumbs_color":"","ocean_breadcrumbs_separator_color":"","ocean_breadcrumbs_links_color":"","ocean_breadcrumbs_links_hover_color":"","ocean_display_footer_widgets":"off","ocean_display_footer_bottom":"off","ocean_custom_footer_template":"0","footnotes":""},"class_list":["post-16","page","type-page","status-publish","hentry","entry"],"_links":{"self":[{"href":"https:\/\/przychodnia-omega.pl\/index.php?rest_route=\/wp\/v2\/pages\/16","targetHints":{"allow":["GET"]}}],"collection":[{"href":"https:\/\/przychodnia-omega.pl\/index.php?rest_route=\/wp\/v2\/pages"}],"about":[{"href":"https:\/\/przychodnia-omega.pl\/index.php?rest_route=\/wp\/v2\/types\/page"}],"author":[{"embeddable":true,"href":"https:\/\/przychodnia-omega.pl\/index.php?rest_route=\/wp\/v2\/users\/1"}],"replies":[{"embeddable":true,"href":"https:\/\/przychodnia-omega.pl\/index.php?rest_route=%2Fwp%2Fv2%2Fcomments&post=16"}],"version-history":[{"count":37,"href":"https:\/\/przychodnia-omega.pl\/index.php?rest_route=\/wp\/v2\/pages\/16\/revisions"}],"predecessor-version":[{"id":194,"href":"https:\/\/przychodnia-omega.pl\/index.php?rest_route=\/wp\/v2\/pages\/16\/revisions\/194"}],"wp:attachment":[{"href":"https:\/\/przychodnia-omega.pl\/index.php?rest_route=%2Fwp%2Fv2%2Fmedia&parent=16"}],"curies":[{"name":"wp","href":"https:\/\/api.w.org\/{rel}","templated":true}]}}